{"id":1978,"date":"2022-03-19T18:50:25","date_gmt":"2022-03-19T17:50:25","guid":{"rendered":"http:\/\/lacerisesurlapizza.com\/?page_id=1978"},"modified":"2022-04-05T15:48:56","modified_gmt":"2022-04-05T14:48:56","slug":"la-carte-des-graces","status":"publish","type":"page","link":"https:\/\/lacerisesurlapizza.com\/?page_id=1978","title":{"rendered":"La Carte des Glaces"},"content":{"rendered":"<h2 style=\"text-align: center;\">Glaces grom \u00e0 belleville et Rue de Bretagne<\/h2>\n<p style=\"text-align: center; margin-top: 50px;\">Les glaces GROM sont n\u00e9es du r\u00eave de deux amis d\u2019enfance Guido Martinetti et Federico Grom. Ces derniers n\u2019ont qu\u2019un seul objectif, partager le savoir-faire artisanal italien au travers de l\u2019\u00e9laboration de glaces 100 % naturelles. Sans colorant, sans conservateur et sans gluten, les glaces GROM sont fabriqu\u00e9es \u00e0 partir de lait entier, d\u2019\u0153ufs, de sucre blanc de canne et d\u2019un soup\u00e7on de farine de graines de caroube. Les sorbets quant \u00e0 eux, sont r\u00e9alis\u00e9s \u00e0 partir de fruits cultiv\u00e9s dans des fermes agricoles bios et r\u00e9colt\u00e9s \u00e0 la main.<\/p>\n<p style=\"text-align: center;\"><strong>D\u00e9couvrez les glaces GROM au go\u00fbt du savoir-faire artisanal italien !<\/strong><\/p>\n<p style=\"text-align: center;\"><div class=\"potsde120ml\"><svg xmlns=\"http:\/\/www.w3.org\/2000\/svg\" width=\"308.699\" height=\"73.71\" viewBox=\"0 0 308.699 73.71\">\n  <g id=\":::_titre\" data-name=\"::: titre\" transform=\"translate(-1453.066 426.188)\">\n    <path id=\"Path_1424\" data-name=\"Path 1424\" d=\"M1453.066-389.282l9.422-4.521q4.77-2.287,8.24-1.17t5.564,5.485l1.7,3.546q2.1,4.369.8,7.774t-6.068,5.693l-3.025,1.451,7.027,14.647-6.4,3.069Zm17.189,11.668a3.589,3.589,0,0,0,1.986-1.9,3.982,3.982,0,0,0-.472-3l-2.047-4.265a3.973,3.973,0,0,0-2.042-2.244,3.59,3.59,0,0,0-2.726.358l-3.024,1.452,5.3,11.049Z\" fill=\"#f0c77d\"\/>\n    <path id=\"Path_1425\" data-name=\"Path 1425\" d=\"M1493.477-366.231q-3.513-1.493-5.18-5.982l-7.3-19.664q-1.666-4.489.022-7.913t6.586-5.242q4.9-1.818,8.411-.325t5.179,5.981l7.3,19.664q1.666,4.488-.02,7.912t-6.587,5.242Q1496.989-364.738,1493.477-366.231Zm8.505-10.637-7.579-20.413q-1.368-3.687-4.815-2.407t-2.078,4.967l7.578,20.412q1.369,3.687,4.816,2.408T1501.982-376.868Z\" fill=\"#f0c77d\"\/>\n    <path id=\"Path_1426\" data-name=\"Path 1426\" d=\"M1511.46-406.348l-7.142,2.006-1.541-5.488,21.117-5.928,1.541,5.487-7.143,2.006,9.244,32.927-6.832,1.918Z\" fill=\"#f0c77d\"\/>\n    <path id=\"Path_1427\" data-name=\"Path 1427\" d=\"M1538.322-380.175q-3.105-2.021-4.059-6.771l-.45-2.235,6.577-1.323.54,2.682q.763,3.8,4.369,3.075a3.7,3.7,0,0,0,2.5-1.463,4.2,4.2,0,0,0,.315-3.174,7.7,7.7,0,0,0-2.136-4.076,22.276,22.276,0,0,0-5.584-3.557,26.4,26.4,0,0,1-7.228-4.855,11.463,11.463,0,0,1-2.939-5.775q-.933-4.638,1.212-7.715t7.2-4.1q4.995-1,8.069,1.022t4.028,6.778l.326,1.62-6.577,1.324-.4-2.012a4.207,4.207,0,0,0-1.476-2.756,3.5,3.5,0,0,0-2.778-.4q-3.479.7-2.725,4.444a6.9,6.9,0,0,0,2.095,3.706,23.627,23.627,0,0,0,5.611,3.523,24.567,24.567,0,0,1,7.233,4.882,12.5,12.5,0,0,1,2.937,6.1q.968,4.806-1.2,7.917t-7.293,4.141Q1541.425-378.154,1538.322-380.175Z\" fill=\"#f0c77d\"\/>\n    <path id=\"Path_1428\" data-name=\"Path 1428\" d=\"M1566.419-423.485l10.791-1q5.266-.488,8.132,1.765t3.311,7.078l1.862,20.092q.447,4.825-1.956,7.566t-7.669,3.229l-10.791,1Zm13.816,33.066a3.677,3.677,0,0,0,2.582-1.155,4,4,0,0,0,.658-3.038l-1.913-20.659a4,4,0,0,0-1.206-2.865,3.669,3.669,0,0,0-2.749-.661l-3.6.333,2.629,28.378Z\" fill=\"#f0c77d\"\/>\n    <path id=\"Path_1429\" data-name=\"Path 1429\" d=\"M1594.7-425.784l19.349-.4.118,5.7-12.253.256.22,10.543,9.738-.2.119,5.7-9.738.2.256,12.252,12.254-.256.119,5.7-19.349.4Z\" fill=\"#f0c77d\"\/>\n    <path id=\"Path_1430\" data-name=\"Path 1430\" d=\"M1640.627-415.474l-7.4-.584.351-4.432a20.93,20.93,0,0,0,4.891-.071,6.339,6.339,0,0,0,3.045-1.275,9.069,9.069,0,0,0,2.17-2.888l4.758.376-3.142,39.777-7.075-.559Z\" fill=\"#f0c77d\"\/>\n    <path id=\"Path_1431\" data-name=\"Path 1431\" d=\"M1653.83-388.073a16.029,16.029,0,0,1,2.661-7,25.687,25.687,0,0,1,6.524-5.817,30.524,30.524,0,0,0,6.363-5.409,10.782,10.782,0,0,0,2.343-5.172,5.235,5.235,0,0,0-.374-3.664,3.588,3.588,0,0,0-2.555-1.409q-3.633-.568-4.24,3.318l-.66,4.224-6.629-1.037.6-3.829q.749-4.787,3.827-6.931t8.175-1.347q5.1.8,7.375,3.778t1.529,7.767a14.3,14.3,0,0,1-3.045,6.736,35.84,35.84,0,0,1-7.956,6.833,24.918,24.918,0,0,0-4.951,4.1,7.657,7.657,0,0,0-1.695,3.744l-.132.845,13.321,2.082-.88,5.632-20.268-3.168Z\" fill=\"#f0c77d\"\/>\n    <path id=\"Path_1432\" data-name=\"Path 1432\" d=\"M1680.688-381.2q-2.089-3.194-.975-7.852l4.876-20.4q1.113-4.657,4.421-6.563t8.389-.69q5.082,1.215,7.17,4.41t.975,7.852l-4.876,20.4q-1.113,4.658-4.421,6.562t-8.389.691Q1682.776-378.01,1680.688-381.2Zm12.986-4.105,5.061-21.177q.916-3.825-2.661-4.68t-4.491,2.97l-5.062,21.177q-.914,3.826,2.663,4.681T1693.674-385.31Z\" fill=\"#f0c77d\"\/>\n    <path id=\"Path_1433\" data-name=\"Path 1433\" d=\"M1720.114-410.2l9.516,3.468-5.534,28.377.121.043,14.019-25.284,9.516,3.467-13.661,37.489-6.3-2.3,10.343-28.384-.121-.045-15.193,26.617-5.575-2.031,5.494-30.151-.121-.045-10.344,28.385-5.818-2.12Z\" fill=\"#f0c77d\"\/>\n    <path id=\"Path_1434\" data-name=\"Path 1434\" d=\"M1755.382-396.569l6.383,3.1-14.95,30.759,10.5,5.1-2.491,5.126-16.884-8.205Z\" fill=\"#f0c77d\"\/>\n  <\/g>\n<\/svg>\n<p style=\"text-align: center; color: #f0c77d; font-family: 'Nunito'; font-size: 21px; font-weight: bold;\">1 - 2 persones<\/p>\n<\/div><\/p>\n<p style=\"text-align: center;\"><div class=\"threecol\">\n<img loading=\"lazy\" decoding=\"async\" class=\"aligncenter size-full wp-image-1981\" src=\"http:\/\/lacerisesurlapizza.com\/wp-content\/uploads\/2022\/03\/Framboise-120ml.png\" alt=\"\" width=\"196\" height=\"196\" srcset=\"https:\/\/lacerisesurlapizza.com\/wp-content\/uploads\/2022\/03\/Framboise-120ml.png 196w, https:\/\/lacerisesurlapizza.com\/wp-content\/uploads\/2022\/03\/Framboise-120ml-150x150.png 150w\" sizes=\"(max-width: 196px) 100vw, 196px\" \/><\/p>\n<h3 style=\"text-align: center;\">Framboise<\/h3>\n<p class=\"prix\">4,90 \u20ac<\/p>\n<\/div><\/p>\n<p style=\"text-align: center;\"><div class=\"threecol\">\n<img loading=\"lazy\" decoding=\"async\" class=\"aligncenter size-full wp-image-1990\" src=\"http:\/\/lacerisesurlapizza.com\/wp-content\/uploads\/2022\/03\/Pistache-120ml.png\" alt=\"\" width=\"196\" height=\"196\" srcset=\"https:\/\/lacerisesurlapizza.com\/wp-content\/uploads\/2022\/03\/Pistache-120ml.png 196w, https:\/\/lacerisesurlapizza.com\/wp-content\/uploads\/2022\/03\/Pistache-120ml-150x150.png 150w\" sizes=\"(max-width: 196px) 100vw, 196px\" \/><\/p>\n<h3 style=\"text-align: center;\">Pistache<\/h3>\n<p class=\"prix\">4,90 \u20ac<\/p>\n<\/div><\/p>\n<p style=\"text-align: center;\"><div class=\"threecol\">\n<img loading=\"lazy\" decoding=\"async\" class=\"aligncenter size-full wp-image-1991\" src=\"http:\/\/lacerisesurlapizza.com\/wp-content\/uploads\/2022\/03\/Vanille-120ml.png\" alt=\"\" width=\"196\" height=\"196\" srcset=\"https:\/\/lacerisesurlapizza.com\/wp-content\/uploads\/2022\/03\/Vanille-120ml.png 196w, https:\/\/lacerisesurlapizza.com\/wp-content\/uploads\/2022\/03\/Vanille-120ml-150x150.png 150w\" sizes=\"(max-width: 196px) 100vw, 196px\" \/><\/p>\n<h3 style=\"text-align: center;\">Vanille<\/h3>\n<p class=\"prix\">4,90 \u20ac<\/p>\n<\/div><\/p>\n<p style=\"text-align: center;\"><div class=\"threecol last\">\n<img loading=\"lazy\" decoding=\"async\" class=\"aligncenter size-full wp-image-1992\" src=\"http:\/\/lacerisesurlapizza.com\/wp-content\/uploads\/2022\/03\/Chocolat-120ml.png\" alt=\"\" width=\"196\" height=\"196\" srcset=\"https:\/\/lacerisesurlapizza.com\/wp-content\/uploads\/2022\/03\/Chocolat-120ml.png 196w, https:\/\/lacerisesurlapizza.com\/wp-content\/uploads\/2022\/03\/Chocolat-120ml-150x150.png 150w\" sizes=\"(max-width: 196px) 100vw, 196px\" \/><\/p>\n<h3 style=\"text-align: center;\">Chocolat<\/h3>\n<p class=\"prix\">4,90 \u20ac<\/p>\n<\/div><div class=\"clear\"><\/div><\/p>\n<p style=\"text-align: center;\"><div class=\"potsde460ml\"><svg xmlns=\"http:\/\/www.w3.org\/2000\/svg\" width=\"308.697\" height=\"73.711\" viewBox=\"0 0 308.697 73.711\">\n  <g id=\":::_titre\" data-name=\"::: titre\" transform=\"translate(-1462.293 -466.968)\">\n    <path id=\"Path_1435\" data-name=\"Path 1435\" d=\"M1462.293,503.874l9.422-4.52q4.77-2.287,8.238-1.171t5.566,5.485l1.7,3.546q2.1,4.37.8,7.774t-6.069,5.693l-3.025,1.451,7.027,14.647-6.4,3.069Zm17.188,11.668a3.593,3.593,0,0,0,1.986-1.9,3.975,3.975,0,0,0-.473-3l-2.046-4.266a3.972,3.972,0,0,0-2.042-2.244,3.588,3.588,0,0,0-2.725.359l-3.025,1.451,5.3,11.049Z\" fill=\"#f0c77d\"\/>\n    <path id=\"Path_1436\" data-name=\"Path 1436\" d=\"M1502.7,526.925q-3.513-1.492-5.18-5.982l-7.3-19.664q-1.668-4.488.021-7.912t6.586-5.242q4.9-1.82,8.411-.326t5.18,5.981l7.3,19.664q1.666,4.49-.021,7.912t-6.587,5.243Q1506.216,528.417,1502.7,526.925Zm8.506-10.637-7.579-20.413q-1.369-3.687-4.816-2.407t-2.078,4.967l7.578,20.413q1.37,3.687,4.817,2.407T1511.209,516.288Z\" fill=\"#f0c77d\"\/>\n    <path id=\"Path_1437\" data-name=\"Path 1437\" d=\"M1520.687,486.809l-7.142,2.005L1512,483.326l21.115-5.928,1.541,5.488-7.142,2.005,9.244,32.927-6.831,1.918Z\" fill=\"#f0c77d\"\/>\n    <path id=\"Path_1438\" data-name=\"Path 1438\" d=\"M1547.549,512.981q-3.1-2.021-4.061-6.771l-.449-2.234,6.577-1.324.54,2.682q.765,3.8,4.369,3.075a3.7,3.7,0,0,0,2.5-1.463,4.2,4.2,0,0,0,.316-3.174,7.7,7.7,0,0,0-2.136-4.076,22.336,22.336,0,0,0-5.585-3.557,26.41,26.41,0,0,1-7.227-4.854,11.46,11.46,0,0,1-2.939-5.776q-.933-4.638,1.212-7.715t7.2-4.094q5-1.005,8.068,1.022t4.03,6.777l.326,1.621-6.578,1.323-.4-2.012a4.207,4.207,0,0,0-1.476-2.756,3.5,3.5,0,0,0-2.778-.4q-3.48.7-2.725,4.444a6.9,6.9,0,0,0,2.094,3.706,23.63,23.63,0,0,0,5.611,3.523,24.534,24.534,0,0,1,7.232,4.882,12.485,12.485,0,0,1,2.938,6.1q.968,4.806-1.2,7.917t-7.293,4.141Q1550.652,515,1547.549,512.981Z\" fill=\"#f0c77d\"\/>\n    <path id=\"Path_1439\" data-name=\"Path 1439\" d=\"M1575.645,469.671l10.791-1q5.266-.487,8.132,1.766t3.312,7.078l1.86,20.091q.448,4.826-1.955,7.566t-7.669,3.229l-10.792,1Zm13.817,33.066a3.674,3.674,0,0,0,2.581-1.154,4.007,4.007,0,0,0,.658-3.039l-1.914-20.659a4,4,0,0,0-1.2-2.865,3.676,3.676,0,0,0-2.749-.661l-3.6.333,2.629,28.378Z\" fill=\"#f0c77d\"\/>\n    <path id=\"Path_1440\" data-name=\"Path 1440\" d=\"M1603.929,467.373l19.348-.4.119,5.7-12.253.256.219,10.543,9.739-.2.119,5.7-9.739.2.256,12.252,12.253-.256.119,5.7-19.347.4Z\" fill=\"#f0c77d\"\/>\n    <path id=\"Path_1441\" data-name=\"Path 1441\" d=\"M1649.955,500.962l-13.5-1.067.449-5.683,14.985-25.86,7.717.609-2.123,26.877,3.343.265-.449,5.682-3.344-.264-.57,7.216-7.074-.559Zm.449-5.683,1.226-15.512-.129-.01-8.171,14.964Z\" fill=\"#f0c77d\"\/>\n    <path id=\"Path_1442\" data-name=\"Path 1442\" d=\"M1665.254,507.734q-2.337-3.018-1.6-7.749l3.187-20.387q1.6-10.248,12.309-8.576,5.1.8,7.375,3.778t1.529,7.767l-.116.733-6.628-1.036.177-1.127q.608-3.885-3.025-4.453a3.786,3.786,0,0,0-3.1.611,5.79,5.79,0,0,0-1.546,3.624l-1.179,7.547.128.02q2.384-3.145,6.91-2.44a7.305,7.305,0,0,1,5.439,3.216q1.613,2.619.928,7.01l-1.1,7.04q-.739,4.731-3.884,6.893t-8.308,1.355Q1667.591,510.753,1665.254,507.734Zm12.609-5.067,1.092-6.983q.606-3.887-3.025-4.454t-4.241,3.318l-1.091,6.983q-.6,3.83,3.034,4.4T1677.863,502.667Z\" fill=\"#f0c77d\"\/>\n    <path id=\"Path_1443\" data-name=\"Path 1443\" d=\"M1689.914,511.951q-2.089-3.193-.975-7.852l4.876-20.4q1.115-4.658,4.421-6.562t8.389-.691q5.084,1.215,7.17,4.41t.976,7.852l-4.876,20.4q-1.115,4.658-4.421,6.562t-8.39.691Q1692,515.146,1689.914,511.951Zm12.986-4.1,5.062-21.178q.915-3.825-2.661-4.68t-4.491,2.97l-5.062,21.178q-.914,3.825,2.662,4.68T1702.9,507.847Z\" fill=\"#f0c77d\"\/>\n    <path id=\"Path_1444\" data-name=\"Path 1444\" d=\"M1729.341,482.957l9.515,3.468-5.534,28.377.121.044,14.02-25.285,9.516,3.467-13.662,37.489-6.3-2.3,10.343-28.384-.121-.044-15.192,26.617-5.575-2.032,5.494-30.151-.121-.044L1721.5,522.566l-5.818-2.12Z\" fill=\"#f0c77d\"\/>\n    <path id=\"Path_1445\" data-name=\"Path 1445\" d=\"M1764.608,496.587l6.382,3.1-14.949,30.76,10.5,5.1-2.492,5.127-16.883-8.205Z\" fill=\"#f0c77d\"\/>\n  <\/g>\n<\/svg>\n<p style=\"text-align: center; color: #f0c77d; font-family: 'Nunito'; font-size: 21px; font-weight: bold;\">3 - 4 persones<\/p>\n<\/div><\/p>\n<p style=\"text-align: center;\"><div class=\"threecol\">\n<img loading=\"lazy\" decoding=\"async\" class=\"aligncenter size-full wp-image-1996\" src=\"http:\/\/lacerisesurlapizza.com\/wp-content\/uploads\/2022\/03\/franboise.png\" alt=\"\" width=\"141\" height=\"163\" \/><\/p>\n<h3 style=\"text-align: center;\">Framboise<\/h3>\n<p class=\"prix\">9,90 \u20ac<\/p>\n<\/div><\/p>\n<p style=\"text-align: center;\"><div class=\"threecol\">\n<img loading=\"lazy\" decoding=\"async\" class=\"aligncenter size-full wp-image-1997\" src=\"http:\/\/lacerisesurlapizza.com\/wp-content\/uploads\/2022\/03\/pistache.png\" alt=\"\" width=\"141\" height=\"163\" \/><\/p>\n<h3 style=\"text-align: center;\">Pistache<\/h3>\n<p class=\"prix\">9,90 \u20ac<\/p>\n<\/div><\/p>\n<p style=\"text-align: center;\"><div class=\"threecol\">\n<img loading=\"lazy\" decoding=\"async\" class=\"aligncenter size-full wp-image-1998\" src=\"http:\/\/lacerisesurlapizza.com\/wp-content\/uploads\/2022\/03\/vanille.png\" alt=\"\" width=\"141\" height=\"163\" \/><\/p>\n<h3 style=\"text-align: center;\">Vanille<\/h3>\n<p class=\"prix\">9,90 \u20ac<\/p>\n<\/div><\/p>\n<p style=\"text-align: center;\"><div class=\"threecol last\">\n<img loading=\"lazy\" decoding=\"async\" class=\"aligncenter size-full wp-image-1999\" src=\"http:\/\/lacerisesurlapizza.com\/wp-content\/uploads\/2022\/03\/choco.png\" alt=\"\" width=\"141\" height=\"163\" \/><\/p>\n<h3 style=\"text-align: center;\">Chocolat<\/h3>\n<p class=\"prix\">9,90 \u20ac<\/p>\n<\/div><div class=\"clear\"><\/div><\/p>\n<div class=\"clear\"><\/div>\n<p style=\"text-align: center;\"><div class=\"threecol\">\n<img loading=\"lazy\" decoding=\"async\" class=\"aligncenter size-full wp-image-2000\" src=\"http:\/\/lacerisesurlapizza.com\/wp-content\/uploads\/2022\/03\/mangue.png\" alt=\"\" width=\"141\" height=\"163\" \/><\/p>\n<h3 style=\"text-align: center;\">Mangue<\/h3>\n<p class=\"prix\">9,90 \u20ac<\/p>\n<\/div><\/p>\n<p style=\"text-align: center;\"><div class=\"threecol\">\n<img loading=\"lazy\" decoding=\"async\" class=\"aligncenter size-full wp-image-2001\" src=\"http:\/\/lacerisesurlapizza.com\/wp-content\/uploads\/2022\/03\/caramel.png\" alt=\"\" width=\"141\" height=\"163\" \/><\/p>\n<h3 style=\"text-align: center;\">Caramel sal\u00e9<\/h3>\n<p class=\"prix\">9,90 \u20ac<\/p>\n<\/div><\/p>\n<p style=\"text-align: center;\"><div class=\"threecol last\">\n<img loading=\"lazy\" decoding=\"async\" class=\"aligncenter size-full wp-image-2002\" src=\"http:\/\/lacerisesurlapizza.com\/wp-content\/uploads\/2022\/03\/noisette.png\" alt=\"\" width=\"141\" height=\"163\" \/><\/p>\n<h3 style=\"text-align: center;\">Noisette<\/h3>\n<p class=\"prix\">9,90 \u20ac<\/p>\n<\/div><div class=\"clear\"><\/div><\/p>\n","protected":false},"excerpt":{"rendered":"<p>Glaces grom \u00e0 belleville et Rue de Bretagne Les glaces GROM sont n\u00e9es du r\u00eave de deux amis d\u2019enfance Guido Martinetti et Federico Grom. Ces derniers n\u2019ont qu\u2019un seul objectif, partager le savoir-faire artisanal italien au travers de l\u2019\u00e9laboration de glaces 100 % naturelles. Sans colorant, sans conservateur et sans gluten, les glaces GROM sont [&hellip;]<\/p>\n","protected":false},"author":13,"featured_media":0,"parent":0,"menu_order":0,"comment_status":"closed","ping_status":"closed","template":"template-pizzas.php","meta":{"inline_featured_image":false,"footnotes":""},"yoast_head":"<!-- This site is optimized with the Yoast SEO plugin v22.8 - https:\/\/yoast.com\/wordpress\/plugins\/seo\/ -->\n<title>La Carte des Glaces - La cerise sur la pizza<\/title>\n<meta name=\"robots\" content=\"index, follow, max-snippet:-1, max-image-preview:large, max-video-preview:-1\" \/>\n<link rel=\"canonical\" href=\"https:\/\/lacerisesurlapizza.com\/?page_id=1978\" \/>\n<meta property=\"og:locale\" content=\"fr_FR\" \/>\n<meta property=\"og:type\" content=\"article\" \/>\n<meta property=\"og:title\" content=\"La Carte des Glaces - La cerise sur la pizza\" \/>\n<meta property=\"og:description\" content=\"Glaces grom \u00e0 belleville et Rue de Bretagne Les glaces GROM sont n\u00e9es du r\u00eave de deux amis d\u2019enfance Guido Martinetti et Federico Grom. Ces derniers n\u2019ont qu\u2019un seul objectif, partager le savoir-faire artisanal italien au travers de l\u2019\u00e9laboration de glaces 100 % naturelles. Sans colorant, sans conservateur et sans gluten, les glaces GROM sont [&hellip;]\" \/>\n<meta property=\"og:url\" content=\"https:\/\/lacerisesurlapizza.com\/?page_id=1978\" \/>\n<meta property=\"og:site_name\" content=\"La cerise sur la pizza\" \/>\n<meta property=\"article:modified_time\" content=\"2022-04-05T14:48:56+00:00\" \/>\n<meta property=\"og:image\" content=\"http:\/\/lacerisesurlapizza.com\/wp-content\/uploads\/2022\/03\/Framboise-120ml.png\" \/>\n<meta name=\"twitter:card\" content=\"summary_large_image\" \/>\n<meta name=\"twitter:label1\" content=\"Dur\u00e9e de lecture estim\u00e9e\" \/>\n\t<meta name=\"twitter:data1\" content=\"3 minutes\" \/>\n<script type=\"application\/ld+json\" class=\"yoast-schema-graph\">{\"@context\":\"https:\/\/schema.org\",\"@graph\":[{\"@type\":\"WebPage\",\"@id\":\"https:\/\/lacerisesurlapizza.com\/?page_id=1978\",\"url\":\"https:\/\/lacerisesurlapizza.com\/?page_id=1978\",\"name\":\"La Carte des Glaces - La cerise sur la pizza\",\"isPartOf\":{\"@id\":\"https:\/\/lacerisesurlapizza.com\/#website\"},\"primaryImageOfPage\":{\"@id\":\"https:\/\/lacerisesurlapizza.com\/?page_id=1978#primaryimage\"},\"image\":{\"@id\":\"https:\/\/lacerisesurlapizza.com\/?page_id=1978#primaryimage\"},\"thumbnailUrl\":\"http:\/\/lacerisesurlapizza.com\/wp-content\/uploads\/2022\/03\/Framboise-120ml.png\",\"datePublished\":\"2022-03-19T17:50:25+00:00\",\"dateModified\":\"2022-04-05T14:48:56+00:00\",\"breadcrumb\":{\"@id\":\"https:\/\/lacerisesurlapizza.com\/?page_id=1978#breadcrumb\"},\"inLanguage\":\"fr-FR\",\"potentialAction\":[{\"@type\":\"ReadAction\",\"target\":[\"https:\/\/lacerisesurlapizza.com\/?page_id=1978\"]}]},{\"@type\":\"ImageObject\",\"inLanguage\":\"fr-FR\",\"@id\":\"https:\/\/lacerisesurlapizza.com\/?page_id=1978#primaryimage\",\"url\":\"https:\/\/lacerisesurlapizza.com\/wp-content\/uploads\/2022\/03\/Framboise-120ml.png\",\"contentUrl\":\"https:\/\/lacerisesurlapizza.com\/wp-content\/uploads\/2022\/03\/Framboise-120ml.png\",\"width\":196,\"height\":196},{\"@type\":\"BreadcrumbList\",\"@id\":\"https:\/\/lacerisesurlapizza.com\/?page_id=1978#breadcrumb\",\"itemListElement\":[{\"@type\":\"ListItem\",\"position\":1,\"name\":\"Accueil\",\"item\":\"https:\/\/lacerisesurlapizza.com\/\"},{\"@type\":\"ListItem\",\"position\":2,\"name\":\"La Carte des Glaces\"}]},{\"@type\":\"WebSite\",\"@id\":\"https:\/\/lacerisesurlapizza.com\/#website\",\"url\":\"https:\/\/lacerisesurlapizza.com\/\",\"name\":\"La cerise sur la pizza\",\"description\":\"Pizzerias - Paris\",\"potentialAction\":[{\"@type\":\"SearchAction\",\"target\":{\"@type\":\"EntryPoint\",\"urlTemplate\":\"https:\/\/lacerisesurlapizza.com\/?s={search_term_string}\"},\"query-input\":\"required name=search_term_string\"}],\"inLanguage\":\"fr-FR\"}]}<\/script>\n<!-- \/ Yoast SEO plugin. -->","yoast_head_json":{"title":"La Carte des Glaces - La cerise sur la pizza","robots":{"index":"index","follow":"follow","max-snippet":"max-snippet:-1","max-image-preview":"max-image-preview:large","max-video-preview":"max-video-preview:-1"},"canonical":"https:\/\/lacerisesurlapizza.com\/?page_id=1978","og_locale":"fr_FR","og_type":"article","og_title":"La Carte des Glaces - La cerise sur la pizza","og_description":"Glaces grom \u00e0 belleville et Rue de Bretagne Les glaces GROM sont n\u00e9es du r\u00eave de deux amis d\u2019enfance Guido Martinetti et Federico Grom. Ces derniers n\u2019ont qu\u2019un seul objectif, partager le savoir-faire artisanal italien au travers de l\u2019\u00e9laboration de glaces 100 % naturelles. Sans colorant, sans conservateur et sans gluten, les glaces GROM sont [&hellip;]","og_url":"https:\/\/lacerisesurlapizza.com\/?page_id=1978","og_site_name":"La cerise sur la pizza","article_modified_time":"2022-04-05T14:48:56+00:00","og_image":[{"url":"http:\/\/lacerisesurlapizza.com\/wp-content\/uploads\/2022\/03\/Framboise-120ml.png"}],"twitter_card":"summary_large_image","twitter_misc":{"Dur\u00e9e de lecture estim\u00e9e":"3 minutes"},"schema":{"@context":"https:\/\/schema.org","@graph":[{"@type":"WebPage","@id":"https:\/\/lacerisesurlapizza.com\/?page_id=1978","url":"https:\/\/lacerisesurlapizza.com\/?page_id=1978","name":"La Carte des Glaces - La cerise sur la pizza","isPartOf":{"@id":"https:\/\/lacerisesurlapizza.com\/#website"},"primaryImageOfPage":{"@id":"https:\/\/lacerisesurlapizza.com\/?page_id=1978#primaryimage"},"image":{"@id":"https:\/\/lacerisesurlapizza.com\/?page_id=1978#primaryimage"},"thumbnailUrl":"http:\/\/lacerisesurlapizza.com\/wp-content\/uploads\/2022\/03\/Framboise-120ml.png","datePublished":"2022-03-19T17:50:25+00:00","dateModified":"2022-04-05T14:48:56+00:00","breadcrumb":{"@id":"https:\/\/lacerisesurlapizza.com\/?page_id=1978#breadcrumb"},"inLanguage":"fr-FR","potentialAction":[{"@type":"ReadAction","target":["https:\/\/lacerisesurlapizza.com\/?page_id=1978"]}]},{"@type":"ImageObject","inLanguage":"fr-FR","@id":"https:\/\/lacerisesurlapizza.com\/?page_id=1978#primaryimage","url":"https:\/\/lacerisesurlapizza.com\/wp-content\/uploads\/2022\/03\/Framboise-120ml.png","contentUrl":"https:\/\/lacerisesurlapizza.com\/wp-content\/uploads\/2022\/03\/Framboise-120ml.png","width":196,"height":196},{"@type":"BreadcrumbList","@id":"https:\/\/lacerisesurlapizza.com\/?page_id=1978#breadcrumb","itemListElement":[{"@type":"ListItem","position":1,"name":"Accueil","item":"https:\/\/lacerisesurlapizza.com\/"},{"@type":"ListItem","position":2,"name":"La Carte des Glaces"}]},{"@type":"WebSite","@id":"https:\/\/lacerisesurlapizza.com\/#website","url":"https:\/\/lacerisesurlapizza.com\/","name":"La cerise sur la pizza","description":"Pizzerias - Paris","potentialAction":[{"@type":"SearchAction","target":{"@type":"EntryPoint","urlTemplate":"https:\/\/lacerisesurlapizza.com\/?s={search_term_string}"},"query-input":"required name=search_term_string"}],"inLanguage":"fr-FR"}]}},"_links":{"self":[{"href":"https:\/\/lacerisesurlapizza.com\/index.php?rest_route=\/wp\/v2\/pages\/1978"}],"collection":[{"href":"https:\/\/lacerisesurlapizza.com\/index.php?rest_route=\/wp\/v2\/pages"}],"about":[{"href":"https:\/\/lacerisesurlapizza.com\/index.php?rest_route=\/wp\/v2\/types\/page"}],"author":[{"embeddable":true,"href":"https:\/\/lacerisesurlapizza.com\/index.php?rest_route=\/wp\/v2\/users\/13"}],"replies":[{"embeddable":true,"href":"https:\/\/lacerisesurlapizza.com\/index.php?rest_route=%2Fwp%2Fv2%2Fcomments&post=1978"}],"version-history":[{"count":13,"href":"https:\/\/lacerisesurlapizza.com\/index.php?rest_route=\/wp\/v2\/pages\/1978\/revisions"}],"predecessor-version":[{"id":2135,"href":"https:\/\/lacerisesurlapizza.com\/index.php?rest_route=\/wp\/v2\/pages\/1978\/revisions\/2135"}],"wp:attachment":[{"href":"https:\/\/lacerisesurlapizza.com\/index.php?rest_route=%2Fwp%2Fv2%2Fmedia&parent=1978"}],"curies":[{"name":"wp","href":"https:\/\/api.w.org\/{rel}","templated":true}]}}