{"id":2,"date":"2014-06-10T15:00:28","date_gmt":"2014-06-10T15:00:28","guid":{"rendered":"http:\/\/lacerisesurlapizza.com\/?page_id=2"},"modified":"2022-04-22T05:09:05","modified_gmt":"2022-04-22T04:09:05","slug":"page-d-exemple","status":"publish","type":"page","link":"https:\/\/lacerisesurlapizza.com\/","title":{"rendered":"Accueil"},"content":{"rendered":"<div style=\"max-width: 980px; margin: 50px auto;\">\n<h2 style=\"text-align: center;\">Pizza et convivialit\u00e9<\/h2>\n<p>&nbsp;<\/p>\n<p class=\"homedescription\" style=\"text-align: center;\">Rue de Bretagne (3<sup>\u00e8me<\/sup>), Saint-Paul (4<sup>\u00e8me<\/sup>) et Belleville (11<sup>\u00e8me<\/sup>), trois pizzerias marseillaises \u00e0 la d\u00e9coration chaleureuse qui revendiquent leurs racines phoc\u00e9ennes. Des pizzas fines et croustillantes \u00e9labor\u00e9es avec des produits de qualit\u00e9 directement import\u00e9s d\u2019Italie.<\/p>\n<p>&nbsp;<\/p>\n<h2 style=\"text-align: center;\">Nous vous accueillons<\/h2>\n<div class=\"fourcol\">\n<h4 style=\"font-size: 25px; text-align: center;\">BELLEVILLE<\/h4>\n<p style=\"text-align: center;\"><span class=\"semi-bold\">Du lundi au dimanche<\/span><br \/>\n12h-14h30<br \/>\net 19h-22h30<\/p>\n<p style=\"text-align: center;\"><a class= \"button white small,medium,large\" href=\"https:\/\/app.pulp.eu\/shop\/98461888-7784-40b6-b18b-ae9b6d7df593?gl=1&free=true&utm_source=site&utm_campaign=lacerisesurlapizzaparmentier\" target=\"blank\">Commander !<\/a><\/p>\n<\/div><div class=\"fourcol\">\n<h4 style=\"font-size: 25px; text-align: center;\">SAINT-PAUL<\/h4>\n<p style=\"text-align: center;\"><span class=\"semi-bold\">Du lundi au dimanche<\/span><br \/>\n12h-14h30<br \/>\net 19h-22h30<\/p>\n<p style=\"text-align: center;\"><a class= \"button white small,medium,large\" href=\"https:\/\/module.lafourchette.com\/fr_FR\/module\/68041-4788a#\/1258736\/dhp\" target=\"blank\">Commander !<\/a><\/p>\n<\/div><div class=\"fourcol last\">\n<h4 style=\"font-size: 25px; text-align: center;\">RUE DE BRETAGNE<\/h4>\n<p style=\"text-align: center;\"><span class=\"semi-bold\">Du lundi au dimanche<\/span><br \/>\n12h-15h<br \/>\net 19h-22h30<\/p>\n<p style=\"text-align: center;\"><a class= \"button white small,medium,large\" href=\"https:\/\/www.thefork.fr\/restaurant\/la-cerise-sur-la-pizza-bretagne-r723592?cc=16767-0cd&gclid=CjwKCAjw3cSSBhBGEiwAVII0Z-VRIPgs_baGLu1dpvKPyHQ6V4fCXkdEs02ouY0Y2yUFrWygCBOn0hoCDLcQAvD_BwE&gclsrc=aw.ds\" target=\"blank\">Commander !<\/a><\/p>\n<\/div><div class=\"clear\"><\/div><\/p>\n<\/div>\n<div  data-stellar-background-ratio=\"0.5\" class=\"segment clearfix \"  style=\"background-image:url(https:\/\/lacerisesurlapizza.com\/wp-content\/uploads\/2022\/04\/pizzaimporter.jpg); background-color:#eaeaea;background-attachment:fixed;\"><div class=\"segment-content\">\n<h2 style=\"text-align: center;\">Pizza \u00e0 emporter<\/h2>\n\n<p style=\"color: #ffffff; font-size: 25px; text-align: center; margin-top: 50px;\"><strong>PRIX DES PIZZAS \u00c0 10,90\u20ac<br \/>\n(uniquement le midi)<\/strong><\/p>\n<p style=\"text-align: center;\"><a class= \"button white small,medium,large\" href=\"https:\/\/lacerisesurlapizza.com\/?page_id=21\" target=\"\">Notre carte<\/a><\/p>\n<\/div><\/div><!-- .segment-->\n<h2 style=\"text-align: center; padding-top: 30px; margin-bottom: 60px;\">O\u00f9 sommes-nous ?<\/h2>\n<p style=\"text-align: center;\"><div class=\"fourcol\"><img loading=\"lazy\" decoding=\"async\" class=\"aligncenter size-full wp-image-2147\" src=\"https:\/\/lacerisesurlapizza.com\/wp-content\/uploads\/2022\/04\/belleville.png\" alt=\"\" width=\"347\" height=\"154\" srcset=\"https:\/\/lacerisesurlapizza.com\/wp-content\/uploads\/2022\/04\/belleville.png 347w, https:\/\/lacerisesurlapizza.com\/wp-content\/uploads\/2022\/04\/belleville-300x133.png 300w\" sizes=\"(max-width: 347px) 100vw, 347px\" \/><\/p>\n\n<h4 style=\"text-align: center;\">BELLEVILLE<\/h4>\n<p class=\"semi-bold\" style=\"text-align: center;\">96, rue Jean-Pierre Timbaud<br \/>\n75011 Paris<\/p>\n<p style=\"text-align: center;\">+33 (0)9 82 31 50 47<\/p>\n<p style=\"text-align: center;\"><a href=\"https:\/\/www.google.com\/maps\/place\/La+Cerise+sur+la+Pizza+-+Belleville\/@48.8677769,2.375793,17z\/data=!3m1!4b1!4m5!3m4!1s0x47e66de5740a67b1:0x1769070917c92a55!8m2!3d48.8677516!4d2.3779276\" target=\"_blank\" rel=\"noopener\">Ouvrir dans google map<\/a><\/p>\n<p style=\"text-align: center;\"><a class= \"button white small,medium,large\" href=\"https:\/\/www.tripadvisor.fr\/Restaurant_Review-g187147-d3721618-Reviews-La_Cerise_sur_la_Pizza_Belleville-Paris_Ile_de_France.html\" target=\"blank\"><img loading=\"lazy\" decoding=\"async\" class=\"alignnone size-full wp-image-1965\" src=\"http:\/\/lacerisesurlapizza.com\/wp-content\/uploads\/2022\/03\/trip-advisor-cta.png\" alt=\"\" width=\"25\" height=\"16\" \/>Voir les avis<\/a><\/p>\n<p style=\"text-align: center;\"><\/div><\/p>\n<p style=\"text-align: center;\"><div class=\"fourcol\"><img loading=\"lazy\" decoding=\"async\" class=\"aligncenter size-full wp-image-2148\" src=\"https:\/\/lacerisesurlapizza.com\/wp-content\/uploads\/2022\/04\/saintpaul.png\" alt=\"\" width=\"347\" height=\"154\" srcset=\"https:\/\/lacerisesurlapizza.com\/wp-content\/uploads\/2022\/04\/saintpaul.png 347w, https:\/\/lacerisesurlapizza.com\/wp-content\/uploads\/2022\/04\/saintpaul-300x133.png 300w\" sizes=\"(max-width: 347px) 100vw, 347px\" \/><\/p>\n\n<h4 style=\"text-align: center;\">SAINT-PAUL<\/h4>\n<p style=\"text-align: center;\">32, rue Saint-Paul<br \/>\n75004 Paris<br \/>\n+33 (0)1 84 16 64 84<\/p>\n<p style=\"text-align: center;\"><a href=\"https:\/\/www.google.com\/maps\/place\/La+Cerise+sur+la+Pizza+-+Saint+Paul\/@48.8539977,2.3601874,17z\/data=!3m1!4b1!4m5!3m4!1s0x47e671bb803c8b5d:0x7027c89440141907!8m2!3d48.8539942!4d2.3623761\" target=\"_blank\" rel=\"noopener\">Ouvrir dans google map<\/a><\/p>\n<p style=\"text-align: center;\"><a class= \"button white small,medium,large\" href=\"https:\/\/www.tripadvisor.fr\/Restaurant_Review-g187147-d4521132-Reviews-La_Cerise_sur_la_Pizza_Saint_Paul-Paris_Ile_de_France.html\" target=\"blank\"><img loading=\"lazy\" decoding=\"async\" class=\"alignnone size-full wp-image-1965\" src=\"http:\/\/lacerisesurlapizza.com\/wp-content\/uploads\/2022\/03\/trip-advisor-cta.png\" alt=\"\" width=\"25\" height=\"16\" \/>Voir les avis<\/a><\/p>\n<p style=\"text-align: center;\"><\/div><\/p>\n<p style=\"text-align: center;\"><div class=\"fourcol last\"><img loading=\"lazy\" decoding=\"async\" class=\"aligncenter size-full wp-image-2149\" src=\"https:\/\/lacerisesurlapizza.com\/wp-content\/uploads\/2022\/04\/ruedebretagne.png\" alt=\"\" width=\"347\" height=\"154\" srcset=\"https:\/\/lacerisesurlapizza.com\/wp-content\/uploads\/2022\/04\/ruedebretagne.png 347w, https:\/\/lacerisesurlapizza.com\/wp-content\/uploads\/2022\/04\/ruedebretagne-300x133.png 300w\" sizes=\"(max-width: 347px) 100vw, 347px\" \/><\/p>\n\n<h4 style=\"text-align: center;\">RUE DE BRETAGNE<\/h4>\n<p style=\"text-align: center;\">14, rue Froissart<br \/>\n75003 Paris<br \/>\n+33 (0)1 56 06 90 80<\/p>\n<p style=\"text-align: center;\"><a href=\"https:\/\/www.google.com\/maps\/place\/La+Cerise+sur+la+Pizza+-+Rue+de+Bretagne\/@48.8619169,2.3627017,17z\/data=!3m1!4b1!4m5!3m4!1s0x47e66f0e07ed0c07:0xf0ca9e46ac8a286f!8m2!3d48.8619342!4d2.3648711\" target=\"_blank\" rel=\"noopener\">Ouvrir dans google map<\/a><\/p>\n<p style=\"text-align: center;\"><a class= \"button white small,medium,large\" href=\"https:\/\/www.tripadvisor.fr\/Restaurant_Review-g187147-d15329110-Reviews-La_Cerise_sur_la_Pizza_Rue_de_Bretagne-Paris_Ile_de_France.html\" target=\"blank\"><img loading=\"lazy\" decoding=\"async\" class=\"alignnone size-full wp-image-1965\" src=\"http:\/\/lacerisesurlapizza.com\/wp-content\/uploads\/2022\/03\/trip-advisor-cta.png\" alt=\"\" width=\"25\" height=\"16\" \/>Voir les avis<\/a><\/p>\n<p style=\"text-align: center;\"><\/div><div class=\"clear\"><\/div><\/p>\n","protected":false},"excerpt":{"rendered":"<p>Pizza et convivialit\u00e9 &nbsp; Rue de Bretagne (3\u00e8me), Saint-Paul (4\u00e8me) et Belleville (11\u00e8me), trois pizzerias marseillaises \u00e0 la d\u00e9coration chaleureuse qui revendiquent leurs racines phoc\u00e9ennes. Des pizzas fines et croustillantes \u00e9labor\u00e9es avec des produits de qualit\u00e9 directement import\u00e9s d\u2019Italie. &nbsp; Nous vous accueillons O\u00f9 sommes-nous ?<\/p>\n","protected":false},"author":1,"featured_media":0,"parent":0,"menu_order":0,"comment_status":"closed","ping_status":"closed","template":"template-home.php","meta":{"inline_featured_image":false,"footnotes":""},"yoast_head":"<!-- This site is optimized with the Yoast SEO plugin v22.8 - https:\/\/yoast.com\/wordpress\/plugins\/seo\/ -->\n<title>Accueil - La cerise sur la pizza<\/title>\n<meta name=\"robots\" content=\"index, follow, max-snippet:-1, max-image-preview:large, max-video-preview:-1\" \/>\n<link rel=\"canonical\" href=\"https:\/\/lacerisesurlapizza.com\/\" \/>\n<meta property=\"og:locale\" content=\"fr_FR\" \/>\n<meta property=\"og:type\" content=\"article\" \/>\n<meta property=\"og:title\" content=\"Accueil - La cerise sur la pizza\" \/>\n<meta property=\"og:description\" content=\"Pizza et convivialit\u00e9 &nbsp; Rue de Bretagne (3\u00e8me), Saint-Paul (4\u00e8me) et Belleville (11\u00e8me), trois pizzerias marseillaises \u00e0 la d\u00e9coration chaleureuse qui revendiquent leurs racines phoc\u00e9ennes. Des pizzas fines et croustillantes \u00e9labor\u00e9es avec des produits de qualit\u00e9 directement import\u00e9s d\u2019Italie. &nbsp; Nous vous accueillons O\u00f9 sommes-nous ?\" \/>\n<meta property=\"og:url\" content=\"https:\/\/lacerisesurlapizza.com\/\" \/>\n<meta property=\"og:site_name\" content=\"La cerise sur la pizza\" \/>\n<meta property=\"article:modified_time\" content=\"2022-04-22T04:09:05+00:00\" \/>\n<meta property=\"og:image\" content=\"https:\/\/lacerisesurlapizza.com\/wp-content\/uploads\/2022\/04\/belleville.png\" \/>\n<meta name=\"twitter:card\" content=\"summary_large_image\" \/>\n<meta name=\"twitter:label1\" content=\"Dur\u00e9e de lecture estim\u00e9e\" \/>\n\t<meta name=\"twitter:data1\" content=\"3 minutes\" \/>\n<script type=\"application\/ld+json\" class=\"yoast-schema-graph\">{\"@context\":\"https:\/\/schema.org\",\"@graph\":[{\"@type\":\"WebPage\",\"@id\":\"https:\/\/lacerisesurlapizza.com\/\",\"url\":\"https:\/\/lacerisesurlapizza.com\/\",\"name\":\"Accueil - La cerise sur la pizza\",\"isPartOf\":{\"@id\":\"https:\/\/lacerisesurlapizza.com\/#website\"},\"primaryImageOfPage\":{\"@id\":\"https:\/\/lacerisesurlapizza.com\/#primaryimage\"},\"image\":{\"@id\":\"https:\/\/lacerisesurlapizza.com\/#primaryimage\"},\"thumbnailUrl\":\"https:\/\/lacerisesurlapizza.com\/wp-content\/uploads\/2022\/04\/belleville.png\",\"datePublished\":\"2014-06-10T15:00:28+00:00\",\"dateModified\":\"2022-04-22T04:09:05+00:00\",\"breadcrumb\":{\"@id\":\"https:\/\/lacerisesurlapizza.com\/#breadcrumb\"},\"inLanguage\":\"fr-FR\",\"potentialAction\":[{\"@type\":\"ReadAction\",\"target\":[\"https:\/\/lacerisesurlapizza.com\/\"]}]},{\"@type\":\"ImageObject\",\"inLanguage\":\"fr-FR\",\"@id\":\"https:\/\/lacerisesurlapizza.com\/#primaryimage\",\"url\":\"https:\/\/lacerisesurlapizza.com\/wp-content\/uploads\/2022\/04\/belleville.png\",\"contentUrl\":\"https:\/\/lacerisesurlapizza.com\/wp-content\/uploads\/2022\/04\/belleville.png\",\"width\":347,\"height\":154},{\"@type\":\"BreadcrumbList\",\"@id\":\"https:\/\/lacerisesurlapizza.com\/#breadcrumb\",\"itemListElement\":[{\"@type\":\"ListItem\",\"position\":1,\"name\":\"Accueil\",\"item\":\"https:\/\/lacerisesurlapizza.com\/\"},{\"@type\":\"ListItem\",\"position\":2,\"name\":\"Accueil\"}]},{\"@type\":\"WebSite\",\"@id\":\"https:\/\/lacerisesurlapizza.com\/#website\",\"url\":\"https:\/\/lacerisesurlapizza.com\/\",\"name\":\"La cerise sur la pizza\",\"description\":\"Pizzerias - Paris\",\"potentialAction\":[{\"@type\":\"SearchAction\",\"target\":{\"@type\":\"EntryPoint\",\"urlTemplate\":\"https:\/\/lacerisesurlapizza.com\/?s={search_term_string}\"},\"query-input\":\"required name=search_term_string\"}],\"inLanguage\":\"fr-FR\"}]}<\/script>\n<!-- \/ Yoast SEO plugin. -->","yoast_head_json":{"title":"Accueil - La cerise sur la pizza","robots":{"index":"index","follow":"follow","max-snippet":"max-snippet:-1","max-image-preview":"max-image-preview:large","max-video-preview":"max-video-preview:-1"},"canonical":"https:\/\/lacerisesurlapizza.com\/","og_locale":"fr_FR","og_type":"article","og_title":"Accueil - La cerise sur la pizza","og_description":"Pizza et convivialit\u00e9 &nbsp; Rue de Bretagne (3\u00e8me), Saint-Paul (4\u00e8me) et Belleville (11\u00e8me), trois pizzerias marseillaises \u00e0 la d\u00e9coration chaleureuse qui revendiquent leurs racines phoc\u00e9ennes. Des pizzas fines et croustillantes \u00e9labor\u00e9es avec des produits de qualit\u00e9 directement import\u00e9s d\u2019Italie. &nbsp; Nous vous accueillons O\u00f9 sommes-nous ?","og_url":"https:\/\/lacerisesurlapizza.com\/","og_site_name":"La cerise sur la pizza","article_modified_time":"2022-04-22T04:09:05+00:00","og_image":[{"url":"https:\/\/lacerisesurlapizza.com\/wp-content\/uploads\/2022\/04\/belleville.png"}],"twitter_card":"summary_large_image","twitter_misc":{"Dur\u00e9e de lecture estim\u00e9e":"3 minutes"},"schema":{"@context":"https:\/\/schema.org","@graph":[{"@type":"WebPage","@id":"https:\/\/lacerisesurlapizza.com\/","url":"https:\/\/lacerisesurlapizza.com\/","name":"Accueil - La cerise sur la pizza","isPartOf":{"@id":"https:\/\/lacerisesurlapizza.com\/#website"},"primaryImageOfPage":{"@id":"https:\/\/lacerisesurlapizza.com\/#primaryimage"},"image":{"@id":"https:\/\/lacerisesurlapizza.com\/#primaryimage"},"thumbnailUrl":"https:\/\/lacerisesurlapizza.com\/wp-content\/uploads\/2022\/04\/belleville.png","datePublished":"2014-06-10T15:00:28+00:00","dateModified":"2022-04-22T04:09:05+00:00","breadcrumb":{"@id":"https:\/\/lacerisesurlapizza.com\/#breadcrumb"},"inLanguage":"fr-FR","potentialAction":[{"@type":"ReadAction","target":["https:\/\/lacerisesurlapizza.com\/"]}]},{"@type":"ImageObject","inLanguage":"fr-FR","@id":"https:\/\/lacerisesurlapizza.com\/#primaryimage","url":"https:\/\/lacerisesurlapizza.com\/wp-content\/uploads\/2022\/04\/belleville.png","contentUrl":"https:\/\/lacerisesurlapizza.com\/wp-content\/uploads\/2022\/04\/belleville.png","width":347,"height":154},{"@type":"BreadcrumbList","@id":"https:\/\/lacerisesurlapizza.com\/#breadcrumb","itemListElement":[{"@type":"ListItem","position":1,"name":"Accueil","item":"https:\/\/lacerisesurlapizza.com\/"},{"@type":"ListItem","position":2,"name":"Accueil"}]},{"@type":"WebSite","@id":"https:\/\/lacerisesurlapizza.com\/#website","url":"https:\/\/lacerisesurlapizza.com\/","name":"La cerise sur la pizza","description":"Pizzerias - Paris","potentialAction":[{"@type":"SearchAction","target":{"@type":"EntryPoint","urlTemplate":"https:\/\/lacerisesurlapizza.com\/?s={search_term_string}"},"query-input":"required name=search_term_string"}],"inLanguage":"fr-FR"}]}},"_links":{"self":[{"href":"https:\/\/lacerisesurlapizza.com\/index.php?rest_route=\/wp\/v2\/pages\/2"}],"collection":[{"href":"https:\/\/lacerisesurlapizza.com\/index.php?rest_route=\/wp\/v2\/pages"}],"about":[{"href":"https:\/\/lacerisesurlapizza.com\/index.php?rest_route=\/wp\/v2\/types\/page"}],"author":[{"embeddable":true,"href":"https:\/\/lacerisesurlapizza.com\/index.php?rest_route=\/wp\/v2\/users\/1"}],"replies":[{"embeddable":true,"href":"https:\/\/lacerisesurlapizza.com\/index.php?rest_route=%2Fwp%2Fv2%2Fcomments&post=2"}],"version-history":[{"count":233,"href":"https:\/\/lacerisesurlapizza.com\/index.php?rest_route=\/wp\/v2\/pages\/2\/revisions"}],"predecessor-version":[{"id":2218,"href":"https:\/\/lacerisesurlapizza.com\/index.php?rest_route=\/wp\/v2\/pages\/2\/revisions\/2218"}],"wp:attachment":[{"href":"https:\/\/lacerisesurlapizza.com\/index.php?rest_route=%2Fwp%2Fv2%2Fmedia&parent=2"}],"curies":[{"name":"wp","href":"https:\/\/api.w.org\/{rel}","templated":true}]}}